{"id":78,"date":"2017-12-12T11:24:21","date_gmt":"2017-12-12T15:24:21","guid":{"rendered":"http:\/\/ayuntamiento.guineo\/transparencia\/?page_id=78"},"modified":"2022-05-05T14:16:12","modified_gmt":"2022-05-05T18:16:12","slug":"definicion-oaim-oficina-de-acceso-a-la-informacion-municipal","status":"publish","type":"page","link":"https:\/\/distritomunicipalcabarete.gob.do\/transparencia\/definicion-oaim-oficina-de-acceso-a-la-informacion-municipal\/","title":{"rendered":"Definici\u00f3n OAIM (Oficina de Acceso a la Informaci\u00f3n Municipal)"},"content":{"rendered":"\n\n\n<figure class=\"wp-block-image size-full is-resized\"><img loading=\"lazy\" src=\"https:\/\/distritomunicipalcabarete.gob.do\/transparencia\/wp-content\/uploads\/2022\/05\/DistritoCabarete_Escudo005.png\" alt=\"\" class=\"wp-image-479\" width=\"91\" height=\"161\" srcset=\"https:\/\/distritomunicipalcabarete.gob.do\/transparencia\/wp-content\/uploads\/2022\/05\/DistritoCabarete_Escudo005.png 697w, https:\/\/distritomunicipalcabarete.gob.do\/transparencia\/wp-content\/uploads\/2022\/05\/DistritoCabarete_Escudo005-250x443.png 250w, https:\/\/distritomunicipalcabarete.gob.do\/transparencia\/wp-content\/uploads\/2022\/05\/DistritoCabarete_Escudo005-120x213.png 120w\" sizes=\"(max-width: 91px) 100vw, 91px\" \/><\/figure>\n\n\n<p>\u00a0<\/p>\n<p class=\"paragraph ng-attr-widget\"><em>La Oficina de Acceso a la Informaci\u00f3n (OAI), es un mandato de la Ley General de Libre Acceso a la Informaci\u00f3n P\u00fablica Ley 200-04 y el Decreto No. 130-05 que crea el reglamento de dicha ley, con el objetivo de apoyar a entidades y personas tanto p\u00fablicas como privadas mediante las informaciones solicitadas.<\/em><\/p>\n<p><em><strong>Definici\u00f3n RAI:<\/strong><\/em><\/p>\n<p><em>El representante de Acceso a la Informaci\u00f3n, es el responsable de tramitar y facilitar las informaciones requeridas y de ser el canal de comunicaci\u00f3n entre la instituci\u00f3n, ciudadanos y ciudadanas.<\/em><\/p>\n<p><em><strong>Proceso de Solicitud de Informaci\u00f3n:<\/strong><\/em><\/p>\n<p><em>-Completar el formulario de solicitud de informaci\u00f3n.<\/em><\/p>\n<p><br \/><em>-Se procede a la revisi\u00f3n de dicho documento con la finalidad de verificar que est\u00e1 debidamente completada(o).<\/em><\/p>\n<p><br \/><em>-Se hace entrega de acuse de recibo al solicitante.<\/em><\/p>\n<p><br \/><em>-Seg\u00fan la complejidad de la informaci\u00f3n, se asigna una fecha de entrega. En caso de no ser la OAIM la entidad competente para ofrecer la informaci\u00f3n requerida, dicha solicitud se refiere a la instituci\u00f3n correspondiente y se le informa al solicitante, el curso que ha tomado su solicitud y la instituci\u00f3n destinataria.<\/em><\/p>\n<p><br \/><em>-Seguimiento de la(s) solicitud(es) hasta confirmar que se ha suministrado la informaci\u00f3n.<\/em><\/p>\n\n\n<figure class=\"wp-block-image\"><img alt=\"\" \/><\/figure>\n","protected":false},"excerpt":{"rendered":"\u00a0 La Oficina de Acceso a la Informaci\u00f3n (OAI), es un mandato de la Ley General de Libre Acceso a la Informaci\u00f3n P\u00fablica Ley 200-04 y el Decreto No. 130-05 que crea el reglamento de dicha ley, con el objetivo de apoyar a entidades y personas tanto p\u00fablicas como privadas mediante las informaciones solicitadas. Definici\u00f3n&#8230;","protected":false},"author":4,"featured_media":0,"parent":0,"menu_order":0,"comment_status":"closed","ping_status":"closed","template":"","meta":[],"_links":{"self":[{"href":"https:\/\/distritomunicipalcabarete.gob.do\/transparencia\/wp-json\/wp\/v2\/pages\/78"}],"collection":[{"href":"https:\/\/distritomunicipalcabarete.gob.do\/transparencia\/wp-json\/wp\/v2\/pages"}],"about":[{"href":"https:\/\/distritomunicipalcabarete.gob.do\/transparencia\/wp-json\/wp\/v2\/types\/page"}],"author":[{"embeddable":true,"href":"https:\/\/distritomunicipalcabarete.gob.do\/transparencia\/wp-json\/wp\/v2\/users\/4"}],"replies":[{"embeddable":true,"href":"https:\/\/distritomunicipalcabarete.gob.do\/transparencia\/wp-json\/wp\/v2\/comments?post=78"}],"version-history":[{"count":4,"href":"https:\/\/distritomunicipalcabarete.gob.do\/transparencia\/wp-json\/wp\/v2\/pages\/78\/revisions"}],"predecessor-version":[{"id":480,"href":"https:\/\/distritomunicipalcabarete.gob.do\/transparencia\/wp-json\/wp\/v2\/pages\/78\/revisions\/480"}],"wp:attachment":[{"href":"https:\/\/distritomunicipalcabarete.gob.do\/transparencia\/wp-json\/wp\/v2\/media?parent=78"}],"curies":[{"name":"wp","href":"https:\/\/api.w.org\/{rel}","templated":true}]}}