{"id":258,"date":"2018-01-22T10:17:40","date_gmt":"2018-01-22T14:17:40","guid":{"rendered":"http:\/\/ayuntamiento.o\/transparencia\/?page_id=258"},"modified":"2025-03-27T15:25:03","modified_gmt":"2025-03-27T19:25:03","slug":"responsable-de-acceso-a-la-informacion","status":"publish","type":"page","link":"https:\/\/distritomunicipalcabarete.gob.do\/transparencia\/responsable-de-acceso-a-la-informacion\/","title":{"rendered":"Responsable de Acceso a la Informaci\u00f3n"},"content":{"rendered":"<p><strong>Jos\u00e9 Morales Mart\u00ednez<\/strong><\/p>\n<p>TEL.809-739-4129\/809-571-0136<\/p>\n<p>CORREO: juntacabarete@gmail.com<\/p>\n<p><a href=\"https:\/\/www.facebook.com\/juntadistritalcabarete\">FACEBOOK: juntadistritalcabarete<\/a><\/p>\n<p><a href=\"https:\/\/instagram.com\/juntadistritaldecabarete?igshid=YmMyMTA2M2Y=\">INSTAGRAM: junatacabarete<\/a><\/p>\n<p><a href=\"https:\/\/twitter.com\/JCabarete?t=TaNqOOd2f6jKPyNETJznQA&amp;s=08\">TWITTER:jcabarete<\/a><\/p>\n<p><a href=\"https:\/\/www.youtube.com\/channel\/UCcu7IQezEm7Z_3GlXdiXBXg\">YOUTUBE:juntacabarete<\/a><\/p>\n<p>\u00a0<\/p>\n\n\n<figure class=\"wp-block-image size-large\"><img loading=\"lazy\" width=\"700\" height=\"523\" src=\"https:\/\/distritomunicipalcabarete.gob.do\/transparencia\/wp-content\/uploads\/2022\/07\/IMG-20220708-WA0068-700x523.jpg\" alt=\"\" class=\"wp-image-614\" srcset=\"https:\/\/distritomunicipalcabarete.gob.do\/transparencia\/wp-content\/uploads\/2022\/07\/IMG-20220708-WA0068-700x523.jpg 700w, https:\/\/distritomunicipalcabarete.gob.do\/transparencia\/wp-content\/uploads\/2022\/07\/IMG-20220708-WA0068-250x187.jpg 250w, https:\/\/distritomunicipalcabarete.gob.do\/transparencia\/wp-content\/uploads\/2022\/07\/IMG-20220708-WA0068-768x574.jpg 768w, https:\/\/distritomunicipalcabarete.gob.do\/transparencia\/wp-content\/uploads\/2022\/07\/IMG-20220708-WA0068-1536x1148.jpg 1536w, https:\/\/distritomunicipalcabarete.gob.do\/transparencia\/wp-content\/uploads\/2022\/07\/IMG-20220708-WA0068-120x90.jpg 120w, https:\/\/distritomunicipalcabarete.gob.do\/transparencia\/wp-content\/uploads\/2022\/07\/IMG-20220708-WA0068.jpg 1600w\" sizes=\"(max-width: 700px) 100vw, 700px\" \/><\/figure>\n","protected":false},"excerpt":{"rendered":"Jos\u00e9 Morales Mart\u00ednez TEL.809-739-4129\/809-571-0136 CORREO: juntacabarete@gmail.com FACEBOOK: juntadistritalcabarete INSTAGRAM: junatacabarete TWITTER:jcabarete YOUTUBE:juntacabarete \u00a0","protected":false},"author":4,"featured_media":0,"parent":0,"menu_order":0,"comment_status":"closed","ping_status":"closed","template":"","meta":[],"_links":{"self":[{"href":"https:\/\/distritomunicipalcabarete.gob.do\/transparencia\/wp-json\/wp\/v2\/pages\/258"}],"collection":[{"href":"https:\/\/distritomunicipalcabarete.gob.do\/transparencia\/wp-json\/wp\/v2\/pages"}],"about":[{"href":"https:\/\/distritomunicipalcabarete.gob.do\/transparencia\/wp-json\/wp\/v2\/types\/page"}],"author":[{"embeddable":true,"href":"https:\/\/distritomunicipalcabarete.gob.do\/transparencia\/wp-json\/wp\/v2\/users\/4"}],"replies":[{"embeddable":true,"href":"https:\/\/distritomunicipalcabarete.gob.do\/transparencia\/wp-json\/wp\/v2\/comments?post=258"}],"version-history":[{"count":8,"href":"https:\/\/distritomunicipalcabarete.gob.do\/transparencia\/wp-json\/wp\/v2\/pages\/258\/revisions"}],"predecessor-version":[{"id":1338,"href":"https:\/\/distritomunicipalcabarete.gob.do\/transparencia\/wp-json\/wp\/v2\/pages\/258\/revisions\/1338"}],"wp:attachment":[{"href":"https:\/\/distritomunicipalcabarete.gob.do\/transparencia\/wp-json\/wp\/v2\/media?parent=258"}],"curies":[{"name":"wp","href":"https:\/\/api.w.org\/{rel}","templated":true}]}}